{"id":347,"date":"2020-08-12T14:30:48","date_gmt":"2020-08-12T14:30:48","guid":{"rendered":"http:\/\/www.citrusapartman.hu\/?page_id=347"},"modified":"2020-08-12T15:51:41","modified_gmt":"2020-08-12T15:51:41","slug":"elementor-347","status":"publish","type":"page","link":"https:\/\/www.citrusapartman.hu\/en\/apartmanok\/elementor-347\/","title":{"rendered":"1-es apartman"},"content":{"rendered":"<div data-elementor-type=\"wp-page\" data-elementor-id=\"347\" class=\"elementor elementor-347\">\n\t\t\t\t\t\t<div class=\"elementor-inner\">\n\t\t\t\t<div class=\"elementor-section-wrap\">\n\t\t\t\t\t\t\t\t\t<section class=\"elementor-section elementor-top-section elementor-element elementor-element-5cf7ece2 elementor-section-boxed elementor-section-height-default elementor-section-height-default\" data-id=\"5cf7ece2\" data-element_type=\"section\" data-settings=\"{&quot;background_background&quot;:&quot;gradient&quot;}\">\n\t\t\t\t\t\t<div class=\"elementor-container elementor-column-gap-default\">\n\t\t\t\t\t\t\t<div class=\"elementor-row\">\n\t\t\t\t\t<div class=\"elementor-column elementor-col-100 elementor-top-column elementor-element elementor-element-ec4d673\" data-id=\"ec4d673\" data-element_type=\"column\">\n\t\t\t<div class=\"elementor-column-wrap elementor-element-populated\">\n\t\t\t\t\t\t\t<div class=\"elementor-widget-wrap\">\n\t\t\t\t\t\t<div class=\"elementor-element elementor-element-464b0b50 elementor-widget elementor-widget-heading\" data-id=\"464b0b50\" data-element_type=\"widget\" data-widget_type=\"heading.default\">\n\t\t\t\t<div class=\"elementor-widget-container\">\n\t\t\t<h1 class=\"elementor-heading-title elementor-size-default\">utc\u00e1ra n\u00e9z\u0151 erk\u00e9lyes 2 f\u0151s apartman<\/h1>\t\t<\/div>\n\t\t\t\t<\/div>\n\t\t\t\t<div class=\"elementor-element elementor-element-111b469 gallery-spacing-custom animated-slow elementor-invisible elementor-widget elementor-widget-image-gallery\" data-id=\"111b469\" data-element_type=\"widget\" data-settings=\"{&quot;_animation&quot;:&quot;fadeIn&quot;,&quot;_animation_delay&quot;:900}\" data-widget_type=\"image-gallery.default\">\n\t\t\t\t<div class=\"elementor-widget-container\">\n\t\t\t\t\t<div class=\"elementor-image-gallery\">\n\t\t\t<div id='gallery-1' class='gallery galleryid-347 gallery-columns-2 gallery-size-full'><figure class='gallery-item'>\n\t\t\t<div class='gallery-icon landscape'>\n\t\t\t\t<img loading=\"lazy\" decoding=\"async\" width=\"2560\" height=\"1704\" src=\"https:\/\/www.citrusapartman.hu\/wp-content\/uploads\/2020\/06\/IMG_0275-1-scaled.jpg\" class=\"attachment-full size-full\" alt=\"\" srcset=\"https:\/\/www.citrusapartman.hu\/wp-content\/uploads\/2020\/06\/IMG_0275-1-scaled.jpg 2560w, https:\/\/www.citrusapartman.hu\/wp-content\/uploads\/2020\/06\/IMG_0275-1-300x200.jpg 300w, https:\/\/www.citrusapartman.hu\/wp-content\/uploads\/2020\/06\/IMG_0275-1-1024x682.jpg 1024w, https:\/\/www.citrusapartman.hu\/wp-content\/uploads\/2020\/06\/IMG_0275-1-768x511.jpg 768w, https:\/\/www.citrusapartman.hu\/wp-content\/uploads\/2020\/06\/IMG_0275-1-1536x1023.jpg 1536w, https:\/\/www.citrusapartman.hu\/wp-content\/uploads\/2020\/06\/IMG_0275-1-2048x1364.jpg 2048w, https:\/\/www.citrusapartman.hu\/wp-content\/uploads\/2020\/06\/IMG_0275-1-1140x759.jpg 1140w\" sizes=\"auto, (max-width: 2560px) 100vw, 2560px\" \/>\n\t\t\t<\/div><\/figure><figure class='gallery-item'>\n\t\t\t<div class='gallery-icon landscape'>\n\t\t\t\t<img loading=\"lazy\" decoding=\"async\" width=\"2560\" height=\"1704\" src=\"https:\/\/www.citrusapartman.hu\/wp-content\/uploads\/2020\/06\/IMG_0276-1-scaled.jpg\" class=\"attachment-full size-full\" alt=\"\" srcset=\"https:\/\/www.citrusapartman.hu\/wp-content\/uploads\/2020\/06\/IMG_0276-1-scaled.jpg 2560w, https:\/\/www.citrusapartman.hu\/wp-content\/uploads\/2020\/06\/IMG_0276-1-300x200.jpg 300w, https:\/\/www.citrusapartman.hu\/wp-content\/uploads\/2020\/06\/IMG_0276-1-1024x682.jpg 1024w, https:\/\/www.citrusapartman.hu\/wp-content\/uploads\/2020\/06\/IMG_0276-1-768x511.jpg 768w, https:\/\/www.citrusapartman.hu\/wp-content\/uploads\/2020\/06\/IMG_0276-1-1536x1023.jpg 1536w, https:\/\/www.citrusapartman.hu\/wp-content\/uploads\/2020\/06\/IMG_0276-1-2048x1364.jpg 2048w, https:\/\/www.citrusapartman.hu\/wp-content\/uploads\/2020\/06\/IMG_0276-1-1140x759.jpg 1140w\" sizes=\"auto, (max-width: 2560px) 100vw, 2560px\" \/>\n\t\t\t<\/div><\/figure><figure class='gallery-item'>\n\t\t\t<div class='gallery-icon landscape'>\n\t\t\t\t<img loading=\"lazy\" decoding=\"async\" width=\"2560\" height=\"1704\" src=\"https:\/\/www.citrusapartman.hu\/wp-content\/uploads\/2020\/06\/IMG_0280-scaled.jpg\" class=\"attachment-full size-full\" alt=\"\" srcset=\"https:\/\/www.citrusapartman.hu\/wp-content\/uploads\/2020\/06\/IMG_0280-scaled.jpg 2560w, https:\/\/www.citrusapartman.hu\/wp-content\/uploads\/2020\/06\/IMG_0280-300x200.jpg 300w, https:\/\/www.citrusapartman.hu\/wp-content\/uploads\/2020\/06\/IMG_0280-1024x682.jpg 1024w, https:\/\/www.citrusapartman.hu\/wp-content\/uploads\/2020\/06\/IMG_0280-768x511.jpg 768w, https:\/\/www.citrusapartman.hu\/wp-content\/uploads\/2020\/06\/IMG_0280-1536x1023.jpg 1536w, https:\/\/www.citrusapartman.hu\/wp-content\/uploads\/2020\/06\/IMG_0280-2048x1364.jpg 2048w, https:\/\/www.citrusapartman.hu\/wp-content\/uploads\/2020\/06\/IMG_0280-1140x759.jpg 1140w\" sizes=\"auto, (max-width: 2560px) 100vw, 2560px\" \/>\n\t\t\t<\/div><\/figure><figure class='gallery-item'>\n\t\t\t<div class='gallery-icon portrait'>\n\t\t\t\t<img loading=\"lazy\" decoding=\"async\" width=\"1704\" height=\"2560\" src=\"https:\/\/www.citrusapartman.hu\/wp-content\/uploads\/2020\/06\/IMG_0292-scaled.jpg\" class=\"attachment-full size-full\" alt=\"\" srcset=\"https:\/\/www.citrusapartman.hu\/wp-content\/uploads\/2020\/06\/IMG_0292-scaled.jpg 1704w, https:\/\/www.citrusapartman.hu\/wp-content\/uploads\/2020\/06\/IMG_0292-200x300.jpg 200w, https:\/\/www.citrusapartman.hu\/wp-content\/uploads\/2020\/06\/IMG_0292-682x1024.jpg 682w, https:\/\/www.citrusapartman.hu\/wp-content\/uploads\/2020\/06\/IMG_0292-768x1153.jpg 768w, https:\/\/www.citrusapartman.hu\/wp-content\/uploads\/2020\/06\/IMG_0292-1023x1536.jpg 1023w, https:\/\/www.citrusapartman.hu\/wp-content\/uploads\/2020\/06\/IMG_0292-1364x2048.jpg 1364w, https:\/\/www.citrusapartman.hu\/wp-content\/uploads\/2020\/06\/IMG_0292-1140x1712.jpg 1140w\" sizes=\"auto, (max-width: 1704px) 100vw, 1704px\" \/>\n\t\t\t<\/div><\/figure><figure class='gallery-item'>\n\t\t\t<div class='gallery-icon portrait'>\n\t\t\t\t<img loading=\"lazy\" decoding=\"async\" width=\"1704\" height=\"2560\" src=\"https:\/\/www.citrusapartman.hu\/wp-content\/uploads\/2020\/06\/IMG_0286-scaled.jpg\" class=\"attachment-full size-full\" alt=\"\" srcset=\"https:\/\/www.citrusapartman.hu\/wp-content\/uploads\/2020\/06\/IMG_0286-scaled.jpg 1704w, https:\/\/www.citrusapartman.hu\/wp-content\/uploads\/2020\/06\/IMG_0286-200x300.jpg 200w, https:\/\/www.citrusapartman.hu\/wp-content\/uploads\/2020\/06\/IMG_0286-682x1024.jpg 682w, https:\/\/www.citrusapartman.hu\/wp-content\/uploads\/2020\/06\/IMG_0286-768x1153.jpg 768w, https:\/\/www.citrusapartman.hu\/wp-content\/uploads\/2020\/06\/IMG_0286-1023x1536.jpg 1023w, https:\/\/www.citrusapartman.hu\/wp-content\/uploads\/2020\/06\/IMG_0286-1364x2048.jpg 1364w, https:\/\/www.citrusapartman.hu\/wp-content\/uploads\/2020\/06\/IMG_0286-1140x1712.jpg 1140w\" sizes=\"auto, (max-width: 1704px) 100vw, 1704px\" \/>\n\t\t\t<\/div><\/figure><figure class='gallery-item'>\n\t\t\t<div class='gallery-icon portrait'>\n\t\t\t\t<img loading=\"lazy\" decoding=\"async\" width=\"1920\" height=\"2560\" src=\"https:\/\/www.citrusapartman.hu\/wp-content\/uploads\/2020\/06\/IMG_3557-scaled.jpg\" class=\"attachment-full size-full\" alt=\"\" srcset=\"https:\/\/www.citrusapartman.hu\/wp-content\/uploads\/2020\/06\/IMG_3557-scaled.jpg 1920w, https:\/\/www.citrusapartman.hu\/wp-content\/uploads\/2020\/06\/IMG_3557-225x300.jpg 225w, https:\/\/www.citrusapartman.hu\/wp-content\/uploads\/2020\/06\/IMG_3557-768x1024.jpg 768w, https:\/\/www.citrusapartman.hu\/wp-content\/uploads\/2020\/06\/IMG_3557-1152x1536.jpg 1152w, https:\/\/www.citrusapartman.hu\/wp-content\/uploads\/2020\/06\/IMG_3557-1536x2048.jpg 1536w, https:\/\/www.citrusapartman.hu\/wp-content\/uploads\/2020\/06\/IMG_3557-1140x1520.jpg 1140w\" sizes=\"auto, (max-width: 1920px) 100vw, 1920px\" \/>\n\t\t\t<\/div><\/figure>\n\t\t<\/div>\n\t\t<\/div>\n\t\t\t\t<\/div>\n\t\t\t\t<\/div>\n\t\t\t\t\t\t<\/div>\n\t\t\t\t\t<\/div>\n\t\t<\/div>\n\t\t\t\t\t\t\t\t<\/div>\n\t\t\t\t\t<\/div>\n\t\t<\/section>\n\t\t\t\t\t\t\t\t\t<\/div>\n\t\t\t<\/div>\n\t\t\t\t\t<\/div>","protected":false},"excerpt":{"rendered":"<p>utc\u00e1ra n\u00e9z\u0151 erk\u00e9lyes 2 f\u0151s apartman<\/p>","protected":false},"author":1,"featured_media":0,"parent":297,"menu_order":0,"comment_status":"closed","ping_status":"closed","template":"","meta":{"footnotes":""},"class_list":["post-347","page","type-page","status-publish","hentry","entry"],"_links":{"self":[{"href":"https:\/\/www.citrusapartman.hu\/en\/wp-json\/wp\/v2\/pages\/347","targetHints":{"allow":["GET"]}}],"collection":[{"href":"https:\/\/www.citrusapartman.hu\/en\/wp-json\/wp\/v2\/pages"}],"about":[{"href":"https:\/\/www.citrusapartman.hu\/en\/wp-json\/wp\/v2\/types\/page"}],"author":[{"embeddable":true,"href":"https:\/\/www.citrusapartman.hu\/en\/wp-json\/wp\/v2\/users\/1"}],"replies":[{"embeddable":true,"href":"https:\/\/www.citrusapartman.hu\/en\/wp-json\/wp\/v2\/comments?post=347"}],"version-history":[{"count":8,"href":"https:\/\/www.citrusapartman.hu\/en\/wp-json\/wp\/v2\/pages\/347\/revisions"}],"predecessor-version":[{"id":379,"href":"https:\/\/www.citrusapartman.hu\/en\/wp-json\/wp\/v2\/pages\/347\/revisions\/379"}],"up":[{"embeddable":true,"href":"https:\/\/www.citrusapartman.hu\/en\/wp-json\/wp\/v2\/pages\/297"}],"wp:attachment":[{"href":"https:\/\/www.citrusapartman.hu\/en\/wp-json\/wp\/v2\/media?parent=347"}],"curies":[{"name":"wp","href":"https:\/\/api.w.org\/{rel}","templated":true}]}}