{"id":321,"date":"2020-07-10T14:31:19","date_gmt":"2020-07-10T14:31:19","guid":{"rendered":"http:\/\/www.citrusapartman.hu\/?page_id=321"},"modified":"2020-08-11T20:07:31","modified_gmt":"2020-08-11T20:07:31","slug":"ajanlatkeres","status":"publish","type":"page","link":"https:\/\/www.citrusapartman.hu\/en\/ajanlatkeres\/","title":{"rendered":"Aj\u00e1nlatk\u00e9r\u00e9s"},"content":{"rendered":"<div data-elementor-type=\"wp-page\" data-elementor-id=\"321\" class=\"elementor elementor-321\">\n\t\t\t\t\t\t<div class=\"elementor-inner\">\n\t\t\t\t<div class=\"elementor-section-wrap\">\n\t\t\t\t\t\t\t\t\t<section class=\"elementor-section elementor-top-section elementor-element elementor-element-4583490a elementor-section-content-bottom elementor-section-boxed elementor-section-height-default elementor-section-height-default\" data-id=\"4583490a\" data-element_type=\"section\" data-settings=\"{&quot;background_background&quot;:&quot;classic&quot;}\">\n\t\t\t\t\t\t<div class=\"elementor-container elementor-column-gap-default\">\n\t\t\t\t\t\t\t<div class=\"elementor-row\">\n\t\t\t\t\t<div class=\"elementor-column elementor-col-50 elementor-top-column elementor-element elementor-element-45e13dae\" data-id=\"45e13dae\" data-element_type=\"column\" data-settings=\"{&quot;background_background&quot;:&quot;classic&quot;}\">\n\t\t\t<div class=\"elementor-column-wrap elementor-element-populated\">\n\t\t\t\t\t\t\t<div class=\"elementor-widget-wrap\">\n\t\t\t\t\t\t<div class=\"elementor-element elementor-element-2ba7178 elementor-widget elementor-widget-wpforms\" data-id=\"2ba7178\" data-element_type=\"widget\" data-widget_type=\"wpforms.default\">\n\t\t\t\t<div class=\"elementor-widget-container\">\n\t\t\t<script type=\"text\/html\" id=\"tmpl-wpforms-builder-elementor-popup\">\n\t<div id=\"wpforms-builder-elementor-popup\" style=\"display:none;\">\n\t\t<iframe loading=\"lazy\" src=\"about:blank\" width=\"100%\" height=\"100%\" frameborder=\"0\" id=\"wpforms-builder-iframe\"><\/iframe>\n\t<\/div>\n<\/script>\n<div class=\"wpforms-container wpforms-container-full\" id=\"wpforms-339\"><form id=\"wpforms-form-339\" class=\"wpforms-validate wpforms-form\" data-formid=\"339\" method=\"post\" enctype=\"multipart\/form-data\" action=\"\/en\/wp-json\/wp\/v2\/pages\/321\" data-token=\"91f02d64ba202fe0908b43439f77a80c\" data-trp-original-action=\"\/en\/wp-json\/wp\/v2\/pages\/321\"><noscript class=\"wpforms-error-noscript\">Please enable JavaScript in your browser to complete this form.<\/noscript><div class=\"wpforms-field-container\"><div id=\"wpforms-339-field_1-container\" class=\"wpforms-field wpforms-field-name\" data-field-id=\"1\"><label class=\"wpforms-field-label wpforms-label-hide\" for=\"wpforms-339-field_1\">Teljes n\u00e9v <span class=\"wpforms-required-label\">*<\/span><\/label><input type=\"text\" id=\"wpforms-339-field_1\" class=\"wpforms-field-large wpforms-field-required\" name=\"wpforms[fields][1]\" placeholder=\"Teljes n\u00e9v\" required><\/div><div id=\"wpforms-339-field_2-container\" class=\"wpforms-field wpforms-field-text\" data-field-id=\"2\"><label class=\"wpforms-field-label wpforms-label-hide\" for=\"wpforms-339-field_2\">Lakc\u00edm <span class=\"wpforms-required-label\">*<\/span><\/label><input type=\"text\" id=\"wpforms-339-field_2\" class=\"wpforms-field-large wpforms-field-required\" name=\"wpforms[fields][2]\" placeholder=\"Lakc\u00edm\" required><\/div><div id=\"wpforms-339-field_6-container\" class=\"wpforms-field wpforms-field-text\" data-field-id=\"6\"><label class=\"wpforms-field-label wpforms-label-hide\" for=\"wpforms-339-field_6\">Telefonsz\u00e1m <span class=\"wpforms-required-label\">*<\/span><\/label><input type=\"text\" id=\"wpforms-339-field_6\" class=\"wpforms-field-large wpforms-field-required\" name=\"wpforms[fields][6]\" placeholder=\"Telefonsz\u00e1m\" required><\/div><div id=\"wpforms-339-field_7-container\" class=\"wpforms-field wpforms-field-email\" data-field-id=\"7\"><label class=\"wpforms-field-label wpforms-label-hide\" for=\"wpforms-339-field_7\">Email <span class=\"wpforms-required-label\">*<\/span><\/label><div class=\"wpforms-field-row wpforms-field-large\"><div class=\"wpforms-field-row-block wpforms-one-half wpforms-first\"><input type=\"email\" id=\"wpforms-339-field_7\" class=\"wpforms-field-required wpforms-field-email-primary\" name=\"wpforms[fields][7][primary]\" placeholder=\"E-mail c\u00edm\" required><label for=\"wpforms-339-field_7\" class=\"wpforms-field-sublabel after wpforms-sublabel-hide\">Email<\/label><\/div><div class=\"wpforms-field-row-block wpforms-one-half\"><input type=\"email\" id=\"wpforms-339-field_7-secondary\" class=\"wpforms-field-email-secondary wpforms-field-required\" data-rule-confirm=\"#wpforms-339-field_7\" name=\"wpforms[fields][7][secondary]\" placeholder=\"E-mail c\u00edm meger\u0151s\u00edt\u00e9se\" required><label for=\"wpforms-339-field_7-secondary\" class=\"wpforms-field-sublabel after wpforms-sublabel-hide\">Confirm Email<\/label><\/div><\/div><\/div><div id=\"wpforms-339-field_8-container\" class=\"wpforms-field wpforms-field-select wpforms-one-half wpforms-first wpforms-field-select-style-modern\" data-field-id=\"8\"><label class=\"wpforms-field-label wpforms-label-hide\" for=\"wpforms-339-field_8\">Feln\u0151ttek sz\u00e1ma <span class=\"wpforms-required-label\">*<\/span><\/label><select id=\"wpforms-339-field_8\" class=\"wpforms-field-large wpforms-field-required choicesjs-select\" data-size-class=\"wpforms-field-row wpforms-field-large\" name=\"wpforms[fields][8]\" required=\"required\"><option value=\"\" class=\"placeholder\" disabled selected='selected'>Feln\u0151ttek sz\u00e1ma<\/option><option value=\"1\" >1<\/option><option value=\"2\" >2<\/option><option value=\"3\" >3<\/option><option value=\"4\" >4<\/option><option value=\"5\" >5<\/option><option value=\"6\" >6<\/option><option value=\"7\" >7<\/option><option value=\"8\" >8<\/option><option value=\"9\" >9<\/option><option value=\"10\" >10<\/option><option value=\"11\" >11<\/option><option value=\"12\" >12<\/option><\/select><\/div><div id=\"wpforms-339-field_9-container\" class=\"wpforms-field wpforms-field-select wpforms-one-half wpforms-first wpforms-field-select-style-modern\" data-field-id=\"9\"><label class=\"wpforms-field-label wpforms-label-hide\" for=\"wpforms-339-field_9\">Gyermekek sz\u00e1ma (0-3 \u00e9v) <span class=\"wpforms-required-label\">*<\/span><\/label><select id=\"wpforms-339-field_9\" class=\"wpforms-field-large wpforms-field-required choicesjs-select\" data-size-class=\"wpforms-field-row wpforms-field-large\" name=\"wpforms[fields][9]\" required=\"required\"><option value=\"\" class=\"placeholder\" disabled selected='selected'>Gyermekek sz\u00e1ma (0-3 \u00e9v)<\/option><option value=\"0\" >0<\/option><option value=\"1\" >1<\/option><option value=\"2\" >2<\/option><option value=\"3\" >3<\/option><option value=\"4\" >4<\/option><option value=\"5\" >5<\/option><option value=\"6\" >6<\/option><option value=\"7\" >7<\/option><option value=\"8\" >8<\/option><option value=\"9\" >9<\/option><option value=\"10\" >10<\/option><option value=\"11\" >11<\/option><\/select><\/div><div id=\"wpforms-339-field_10-container\" class=\"wpforms-field wpforms-field-textarea\" data-field-id=\"10\"><label class=\"wpforms-field-label wpforms-label-hide\" for=\"wpforms-339-field_10\">Foglal\u00e1ssal kapcsolatos pontos inform\u00e1ci\u00f3k.<\/label><textarea id=\"wpforms-339-field_10\" class=\"wpforms-field-large\" name=\"wpforms[fields][10]\" placeholder=\"Foglal\u00e1s tervezett d\u00e1tuma, egy\u00e9b megjegyz\u00e9sek \u00e9s k\u00e9rd\u00e9sek.\" ><\/textarea><\/div><\/div><div class=\"wpforms-submit-container\" ><input type=\"hidden\" name=\"wpforms[id]\" value=\"339\"><input type=\"hidden\" name=\"wpforms[author]\" value=\"1\"><button type=\"submit\" name=\"wpforms[submit]\" class=\"wpforms-submit\" id=\"wpforms-submit-339\" value=\"wpforms-submit\" aria-live=\"assertive\" data-alt-text=\"K\u00fcld\u00e9s...\" data-submit-text=\"Aj\u00e1nlatk\u00e9r\u00e9s elk\u00fcld\u00e9se\">Aj\u00e1nlatk\u00e9r\u00e9s elk\u00fcld\u00e9se<\/button><\/div><input type=\"hidden\" name=\"trp-form-language\" value=\"en\"\/><\/form><\/div>  <!-- .wpforms-container -->\t\t<\/div>\n\t\t\t\t<\/div>\n\t\t\t\t\t\t<\/div>\n\t\t\t\t\t<\/div>\n\t\t<\/div>\n\t\t\t\t<div class=\"elementor-column elementor-col-50 elementor-top-column elementor-element elementor-element-7f7a30d4\" data-id=\"7f7a30d4\" data-element_type=\"column\">\n\t\t\t<div class=\"elementor-column-wrap\">\n\t\t\t\t\t\t\t<div class=\"elementor-widget-wrap\">\n\t\t\t\t\t\t\t\t<\/div>\n\t\t\t\t\t<\/div>\n\t\t<\/div>\n\t\t\t\t\t\t\t\t<\/div>\n\t\t\t\t\t<\/div>\n\t\t<\/section>\n\t\t\t\t\t\t\t\t\t<\/div>\n\t\t\t<\/div>\n\t\t\t\t\t<\/div>","protected":false},"excerpt":{"rendered":"","protected":false},"author":1,"featured_media":0,"parent":0,"menu_order":0,"comment_status":"closed","ping_status":"closed","template":"","meta":{"footnotes":""},"class_list":["post-321","page","type-page","status-publish","hentry","entry"],"_links":{"self":[{"href":"https:\/\/www.citrusapartman.hu\/en\/wp-json\/wp\/v2\/pages\/321","targetHints":{"allow":["GET"]}}],"collection":[{"href":"https:\/\/www.citrusapartman.hu\/en\/wp-json\/wp\/v2\/pages"}],"about":[{"href":"https:\/\/www.citrusapartman.hu\/en\/wp-json\/wp\/v2\/types\/page"}],"author":[{"embeddable":true,"href":"https:\/\/www.citrusapartman.hu\/en\/wp-json\/wp\/v2\/users\/1"}],"replies":[{"embeddable":true,"href":"https:\/\/www.citrusapartman.hu\/en\/wp-json\/wp\/v2\/comments?post=321"}],"version-history":[{"count":4,"href":"https:\/\/www.citrusapartman.hu\/en\/wp-json\/wp\/v2\/pages\/321\/revisions"}],"predecessor-version":[{"id":342,"href":"https:\/\/www.citrusapartman.hu\/en\/wp-json\/wp\/v2\/pages\/321\/revisions\/342"}],"wp:attachment":[{"href":"https:\/\/www.citrusapartman.hu\/en\/wp-json\/wp\/v2\/media?parent=321"}],"curies":[{"name":"wp","href":"https:\/\/api.w.org\/{rel}","templated":true}]}}